{"id":968,"date":"2021-11-14T11:44:50","date_gmt":"2021-11-14T10:44:50","guid":{"rendered":"http:\/\/zsp8.zory.pl\/?page_id=968"},"modified":"2021-12-06T18:59:29","modified_gmt":"2021-12-06T17:59:29","slug":"dostepnosc","status":"publish","type":"page","link":"https:\/\/zsp8.zory.pl\/?page_id=968","title":{"rendered":"Deklaracja Dost\u0119pno\u015bci"},"content":{"rendered":"<p>[et_pb_section fb_built=&#8221;1&#8243; admin_label=&#8221;Our Mission&#8221; _builder_version=&#8221;3.22&#8243; use_background_color_gradient=&#8221;on&#8221; background_color_gradient_start=&#8221;rgba(233,239,243,0)&#8221; background_color_gradient_end=&#8221;#e9eff3&#8243; background_image=&#8221;http:\/\/zsp8.zory.pl\/wp-content\/uploads\/2021\/11\/shapes-bg-color.png&#8221; parallax=&#8221;on&#8221; custom_padding=&#8221;54px|0px|32px|0px|false|false&#8221; global_colors_info=&#8221;{}&#8221;][et_pb_row admin_label=&#8221;Mission Row&#8221; _builder_version=&#8221;3.25&#8243; locked=&#8221;off&#8221; global_colors_info=&#8221;{}&#8221;][et_pb_column type=&#8221;4_4&#8243; _builder_version=&#8221;3.25&#8243; custom_padding=&#8221;|||&#8221; global_colors_info=&#8221;{}&#8221; custom_padding__hover=&#8221;|||&#8221;][et_pb_blurb title=&#8221;uwaga&#8221; use_icon=&#8221;on&#8221; font_icon=&#8221;&#xf0c0;||fa||900&#8243; icon_color=&#8221;#2b76df&#8221; image_icon_width=&#8221;32px&#8221; _builder_version=&#8221;4.14.1&#8243; header_font=&#8221;Cabin Sketch|700||on|||||&#8221; header_text_color=&#8221;#ff7355&#8243; header_font_size=&#8221;20px&#8221; header_letter_spacing=&#8221;5px&#8221; header_line_height=&#8221;1.5em&#8221; text_orientation=&#8221;center&#8221; custom_margin=&#8221;||0px|&#8221; icon_font_size=&#8221;32px&#8221; locked=&#8221;off&#8221; global_colors_info=&#8221;{}&#8221;][\/et_pb_blurb][et_pb_text _builder_version=&#8221;4.14.2&#8243; text_font=&#8221;|500|||||||&#8221; text_font_size=&#8221;16px&#8221; text_line_height=&#8221;2em&#8221; header_font=&#8221;||||||||&#8221; header_2_font=&#8221;Rubik|700|||||||&#8221; header_2_font_size=&#8221;40px&#8221; header_2_line_height=&#8221;1.4em&#8221; header_5_font=&#8221;Rubik|700||on|||||&#8221; header_5_text_color=&#8221;#2b76df&#8221; header_5_letter_spacing=&#8221;5px&#8221; header_5_line_height=&#8221;1.5em&#8221; text_orientation=&#8221;center&#8221; max_width=&#8221;700px&#8221; module_alignment=&#8221;center&#8221; custom_margin=&#8221;|||&#8221; custom_margin_tablet=&#8221;0px|||&#8221; custom_margin_last_edited=&#8221;off|desktop&#8221; text_line_height_last_edited=&#8221;off|desktop&#8221; header_2_font_size_tablet=&#8221;&#8221; header_2_font_size_phone=&#8221;30px&#8221; header_2_font_size_last_edited=&#8221;on|phone&#8221; global_colors_info=&#8221;{}&#8221;]<\/p>\n<p style=\"text-align: center;\">DEKLARACJA\u00a0\u00a0 DOST\u0118PNO\u015aCI<\/p>\n<p style=\"text-align: justify;\">Zesp\u00f3\u0142 Szkolno &#8211; Przedszkolny nr 8 \u017borach zobowi\u0105zuje si\u0119 zapewni\u0107 dost\u0119pno\u015b\u0107 swojej strony internetowej zgodnie z ustaw\u0105 z dnia 04 kwietnia 2019 r. o dost\u0119pno\u015bci cyfrowej stron internetowych i aplikacji mobilnych podmiot\u00f3w publicznych.<\/p>\n<p style=\"text-align: justify;\">O\u015bwiadczenie w sprawie dost\u0119pno\u015bci ma zastosowanie do strony internetowej: zsp8.zory.pl<\/p>\n<p style=\"text-align: justify;\">Data publikacji strony: 01.12.2021 r.<\/p>\n<p style=\"text-align: justify;\">Data ostatniej istotnej aktualizacji: 06.12.2021 r.<\/p>\n<p style=\"text-align: justify;\">Status pod wzgl\u0119dem zgodno\u015bci z ustaw\u0105<\/p>\n<p style=\"text-align: justify;\">Strona internetowa jest cz\u0119\u015bciowo zgodna z ustaw\u0105 z dnia 04 kwietnia 2019 r.<br \/>o dost\u0119pno\u015bci cyfrowej stron internetowych i aplikacji mobilnych podmiot\u00f3w publicznych z powodu niezgodno\u015bci lub wy\u0142\u0105cze\u0144 wymienionych poni\u017cej:<\/p>\n<ul style=\"text-align: justify;\">\n<li>nie wszystkie obrazy (zdj\u0119cia) dodane do tre\u015bci strony posiadaj\u0105 tekst alternatywny pozwalaj\u0105cy zapozna\u0107 si\u0119 z tre\u015bci\u0105 obrazu;<\/li>\n<li>brak opis\u00f3w zdj\u0119\u0107, tekstu alternatywnego dla czytnik\u00f3w obs\u0142ugiwanych przez osoby niepe\u0142nosprawne;<\/li>\n<li>niekt\u00f3re zamieszczone informacje w postaci za\u0142\u0105cznik\u00f3w (skany dost\u0119pne<br \/>w formacie pdf lub inne dokumenty w formacie doc)\u00a0z uwagi na charakter informacji jaki jest niezb\u0119dny do opublikowania informacji, ze wzgl\u0119du na sw\u00f3j format wymagaj\u0105 zewn\u0119trznych (poza wbudowanymi w mechanizm strony) narz\u0119dzi u\u0142atwiaj\u0105cych ich dost\u0119pno\u015b\u0107;<\/li>\n<li>\n<p lang=\"pl-PL\"><span style=\"font-size: small;\"><span style=\"font-size: medium;\">nie wszystkie strony zewn\u0119trzne, do kt\u00f3rych prowadz\u0105 linki w serwisie, otwieraj\u0105 si\u0119 w tym samym oknie<\/span><span style=\"font-size: medium;\"><span> <\/span><\/span><span style=\"font-size: medium;\">przegl\u0105darki;z<\/span><\/span><\/p>\n<\/li>\n<li>filmy nie posiadaj\u0105 napis\u00f3w dla os\u00f3b g\u0142uchych;<\/li>\n<\/ul>\n<ul style=\"text-align: justify;\">\n<li>zdj\u0119cia z wydarze\u0144 nie posiadaj\u0105 pe\u0142nych opis\u00f3w alternatywnych.<\/li>\n<\/ul>\n<p style=\"text-align: justify;\">Powody wy\u0142\u0105czenia:<\/p>\n<ul style=\"text-align: justify;\">\n<li>cz\u0119\u015b\u0107 tre\u015bci pochodzi ze strony, kt\u00f3ra zosta\u0142a zaprojektowana przed wej\u015bciem w \u017cycie ustawy o dost\u0119pno\u015bci cyfrowej,<\/li>\n<li>administratorzy\/redaktorzy dok\u0142adaj\u0105 wszelkich stara\u0144 aby dane zamieszczone na stronie by\u0142y zrozumia\u0142e oraz formatowane w spos\u00f3b zgodny z zasadami dost\u0119pno\u015bci.<\/li>\n<\/ul>\n<p style=\"text-align: justify;\">O\u015bwiadczenie zosta\u0142o ostatnio poddane przegl\u0105dowi w dniu 01.12.2021 r.<\/p>\n<p style=\"text-align: justify;\">Deklaracj\u0119 sporz\u0105dzono na podstawie samooceny przeprowadzonej przez podmiot publiczny.<\/p>\n<p style=\"text-align: justify;\">Skr\u00f3ty klawiszowe<\/p>\n<p style=\"text-align: justify;\">Strona przedszkola posiada nast\u0119puj\u0105ce u\u0142atwienia:<\/p>\n<ul style=\"text-align: justify;\">\n<li>w\u0142\u0105czenie skali szaro\u015bci (usuni\u0119cie kolor\u00f3w)<\/li>\n<li>zmiana kontrasty (czarne t\u0142o, \u017c\u00f3\u0142te litery);<\/li>\n<li>mo\u017cliwo\u015b\u0107 powi\u0119kszenia i zmniejszenia wielko\u015bci liter na stronie;<\/li>\n<li>pod\u015bwietlane linki.<\/li>\n<li>wy\u0142\u0105czenie t\u0142a (wy\u0142\u0105czanie grafiki w tle)<\/li>\n<\/ul>\n<p style=\"text-align: justify;\">Informacje zwrotne i dane kontaktowe<\/p>\n<p style=\"text-align: justify;\"><strong>W przypadku problem\u00f3w z dost\u0119pno\u015bci\u0105 strony internetowej prosimy o kontakt.<\/strong><\/p>\n<p lang=\"pl-PL\" class=\"western\" align=\"justify\"><strong>W przypadku problem\u00f3w z dost\u0119pno\u015bci\u0105 strony internetowej prosimy o kontakt. Osob\u0105 kontaktow\u0105 jest Edyta Sitek, e-mail:<span style=\"color: #0000ff;\"> <\/span><span style=\"color: #0000ff;\"><u><a href=\"mailto:zorysp8@poczta.onet.pl\">zorysp8@poczta.onet.p<\/a>l<\/u><\/span><span style=\"color: #0000ff;\">. <\/span><\/strong><\/p>\n<p lang=\"pl-PL\" class=\"western\" align=\"justify\"><strong>Kontaktowa\u0107 mo\u017cna si\u0119 tak\u017ce dzwoni\u0105c na numer telefonu <span style=\"font-size: medium;\">\u00a0605\u00a0906 615<\/span><\/strong><\/p>\n<p lang=\"pl-PL\" class=\"western\" align=\"justify\">T\u0105 sam\u0105 drog\u0105 mo\u017cna sk\u0142ada\u0107 wnioski o udost\u0119pnienie informacji niedost\u0119pnej oraz sk\u0142ada\u0107 \u017c\u0105dania zapewnienia dost\u0119pno\u015bci.<\/p>\n<p style=\"text-align: justify;\">T\u0105 sam\u0105 drog\u0105 mo\u017cna sk\u0142ada\u0107 wnioski o udost\u0119pnienie informacji niedost\u0119pnej oraz sk\u0142ada\u0107 skargi na brak zapewnienia dost\u0119pno\u015bci.<\/p>\n<p style=\"text-align: justify;\">Informacje na temat procedury<\/p>\n<p style=\"text-align: justify;\">Ka\u017cdy ma prawo do wyst\u0105pienia z \u017c\u0105daniem zapewnienia dost\u0119pno\u015bci cyfrowej strony internetowej lub jakiego\u015b jej elementu. Mo\u017cna tak\u017ce za\u017c\u0105da\u0107 udost\u0119pnienia informacji za pomoc\u0105 alternatywnego sposobu dost\u0119pu, na przyk\u0142ad przez odczytanie niedost\u0119pnego cyfrowo dokumentu, opisanie zawarto\u015bci filmu bez audiodeskrypcji itp. \u017b\u0105danie powinno zawiera\u0107 dane osoby zg\u0142aszaj\u0105cej \u017c\u0105danie, wskazanie, o kt\u00f3r\u0105 stron\u0119 internetow\u0105 lub aplikacj\u0119 mobiln\u0105 chodzi oraz spos\u00f3b kontaktu. Je\u017celi osoba \u017c\u0105daj\u0105ca zg\u0142asza potrzeb\u0119 otrzymania informacji za pomoc\u0105 alternatywnego sposobu dost\u0119pu, powinna tak\u017ce okre\u015bli\u0107 dogodny dla niej spos\u00f3b przedstawienia tej informacji. Podmiot publiczny powinien zrealizowa\u0107 \u017c\u0105danie niezw\u0142ocznie, nie p\u00f3\u017aniej ni\u017c w ci\u0105gu 7 dni od dnia wyst\u0105pienia z \u017c\u0105daniem. Je\u017celi dotrzymanie tego terminu nie jest mo\u017cliwe, podmiot publiczny niezw\u0142ocznie informuje o tym wnosz\u0105cego \u017c\u0105danie, kiedy realizacja \u017c\u0105dania b\u0119dzie mo\u017cliwa, przy czym termin ten nie mo\u017ce by\u0107 d\u0142u\u017cszy ni\u017c 2 miesi\u0105ce od dnia wyst\u0105pienia z \u017c\u0105daniem. Je\u017celi zapewnienie dost\u0119pno\u015bci cyfrowej nie jest mo\u017cliwe, podmiot publiczny mo\u017ce zaproponowa\u0107 alternatywny spos\u00f3b dost\u0119pu do informacji. W przypadku, gdy podmiot publiczny odm\u00f3wi realizacji \u017c\u0105dania zapewnienia dost\u0119pno\u015bci lub alternatywnego sposobu dost\u0119pu do informacji, wnosz\u0105cy \u017c\u0105danie mo\u017ce z\u0142o\u017cy\u0107 skarg\u0119 w sprawie zapewniana dost\u0119pno\u015bci cyfrowej strony internetowej, aplikacji mobilnej lub elementu strony internetowej, lub aplikacji mobilnej. Po wyczerpaniu wskazanej wy\u017cej procedury mo\u017cna tak\u017ce z\u0142o\u017cy\u0107 wniosek do <a href=\"https:\/\/www.rpo.gov.pl\/pl\">Rzecznika Praw Obywatelskich<\/a> (adres: al. Solidarno\u015bci 77, 00-090 Warszawa). Link do strony internetowej Rzecznika Praw Obywatelskich\u00a0<a href=\"https:\/\/www.rpo.gov.pl\/\">https:\/\/www.rpo.gov.pl<\/a><\/p>\n<p style=\"text-align: justify;\"><strong>Dost\u0119pno\u015b\u0107 architektoniczna<\/strong><\/p>\n<p lang=\"pl-PL\" align=\"justify\"><span style=\"font-size: small;\"><span style=\"font-size: medium;\">Budynki ZSP nr 8 po\u0142o\u017cone przy ul. Wysokiej 13 nie posiadaj\u0105 barier architektonicznych i s\u0105 og\u00f3lnie dost\u0119pne w godzinach urz\u0119dowania. Do budynk\u00f3w prowadz\u0105 dwa wej\u015bcia g\u0142\u00f3wne: wej\u015bcie g\u0142\u00f3wne do przedszkola i wej\u015bcie g\u0142\u00f3wne do szko\u0142y oraz 2 wej\u015bcia dodatkowe z ty\u0142u<\/span><span style=\"font-size: medium;\"><span> <\/span><\/span><span style=\"font-size: medium;\">budynk\u00f3w.<\/span><\/span><\/p>\n<p lang=\"pl-PL\" align=\"justify\"><span style=\"font-size: medium;\">Przestrzenie komunikacyjne budynk\u00f3w s\u0105 wolne od barier poziomych i<\/span><span style=\"font-size: medium;\"> <\/span><span style=\"font-size: medium;\">pionowych.<\/span><\/p>\n<p lang=\"pl-PL\" align=\"justify\"><span style=\"font-size: medium;\">Korytarze, schody oraz windy znajduj\u0105ce si\u0119 w ww. budynkach s\u0105<\/span><span style=\"font-size: medium;\"> <\/span><span style=\"font-size: medium;\">og\u00f3lnodost\u0119pne.<\/span><\/p>\n<p lang=\"pl-PL\" align=\"justify\"><span style=\"font-size: medium;\">Zapewniony jest wst\u0119p do budynku osobie korzystaj\u0105cej z psa asystuj\u0105cego (poinstruowani pracownicy punktu informacji i<\/span><span style=\"font-size: medium;\"> <\/span><span style=\"font-size: medium;\">portierzy).<\/span><\/p>\n<p lang=\"pl-PL\" align=\"justify\"><span style=\"font-size: medium;\">Przy<\/span><span style=\"font-size: medium;\"> <\/span><span style=\"font-size: medium;\">ZSP<\/span><span style=\"font-size: medium;\"> <\/span><span style=\"font-size: medium;\">nr<\/span><span style=\"font-size: medium;\"> <\/span><span style=\"font-size: medium;\">8<\/span><span style=\"font-size: medium;\"> <\/span><span style=\"font-size: medium;\">znajduje<\/span><span style=\"font-size: medium;\"> <\/span><span style=\"font-size: medium;\">si\u0119<\/span><span style=\"font-size: medium;\"> <\/span><span style=\"font-size: medium;\">wyznaczone,<\/span><span style=\"font-size: medium;\"> <\/span><span style=\"font-size: medium;\">odpowiednio<\/span><span style=\"font-size: medium;\"> <\/span><span style=\"font-size: medium;\">oznakowane<\/span><span style=\"font-size: medium;\"> <\/span><span style=\"font-size: medium;\">miejsce<\/span><span style=\"font-size: medium;\"> <\/span><span style=\"font-size: medium;\">parkingowe do osoby<\/span><span style=\"font-size: medium;\"> <\/span><span style=\"font-size: medium;\">niepe\u0142nosprawnej.<\/span><\/p>\n<p lang=\"pl-PL\" align=\"justify\"><span style=\"font-size: small;\"><span style=\"font-size: medium;\">Na czas wsiadania i wysiadania dziecka niepe\u0142nosprawnego ruchowo, jest mo\u017cliwo\u015b\u0107 zaparkowania samochodu bezpo\u015brednio przed wej\u015bciem do przedszkola.<\/span><\/span><\/p>\n<p lang=\"pl-PL\" align=\"justify\"><span style=\"font-size: medium;\">Wszystkie pomieszczenia w budynku <\/span><span style=\"font-size: medium;\">s\u0105 <\/span><span style=\"font-size: medium;\">dost\u0119pne dla osoby poruszaj\u0105cej si\u0119 na w\u00f3zku inwalidzkim, na parterze znajduje si\u0119 te\u017c toaleta dla os\u00f3b z niepe\u0142nosprawno\u015bci\u0105. Dost\u0119p na w\u00f3zku inwalidzkim do pomieszcze\u0144 na pi\u0119trach jest mo\u017cliwy za pomoc\u0105 windy obs\u0142ugiwanej przez pracownika<\/span><span style=\"font-size: medium;\"> <\/span><span style=\"font-size: medium;\">przedszkola.<\/span><\/p>\n<p lang=\"pl-PL\" align=\"justify\"><span style=\"font-size: small;\"><span style=\"font-size: medium;\">Przedszkole nie posiada udogodnie\u0144 dla os\u00f3b niedos\u0142ysz\u0105cych. Nie ma mo\u017cliwo\u015bci skorzystania z t\u0142umacza j\u0119zyka migowego na miejscu ani<\/span><span style=\"font-size: medium;\"><span> <\/span><\/span><span style=\"font-size: medium;\">online.<\/span><\/span><\/p>\n<p lang=\"pl-PL\" align=\"justify\"><span style=\"font-size: small;\"><span style=\"font-size: medium;\">Do przedszkola mo\u017cna wej\u015b\u0107 z psem<\/span><span style=\"font-size: medium;\"><span> <\/span><\/span><span style=\"font-size: medium;\">asystuj\u0105cym.<\/span><\/span><\/p>\n<p style=\"text-align: justify;\"><strong>Dost\u0119pno\u015b\u0107 informacyjno \u2013 komunikacyjna<\/strong><\/p>\n<p lang=\"pl-PL\" class=\"western\" align=\"center\" style=\"text-align: left;\">Zapewnienie komunikacji z ZSP nr 8 na wniosek osoby ze szczeg\u00f3lnymi potrzebami w formie okre\u015blonej w tym wniosku &#8211; pracownik schodzi po zawiadomieniu przez osob\u0119 wnioskuj\u0105c\u0105 lub bezpo\u015brednio przez pracownika lub portiera o konieczno\u015bci komunikacji z osob\u0105 z niepe\u0142nosprawno\u015bci\u0105 ruchow\u0105 w przy wej\u015bciu do budynku.<\/p>\n<p style=\"text-align: justify;\">Aplikacje mobilne<\/p>\n<p style=\"text-align: justify;\">Podmiot nie posiada aplikacji mobilnych.<\/p>\n<p style=\"text-align: justify;\"><a href=\"https:\/\/zsp8zory.bip.net.pl\/?c=245\">Raport o stanie zapewnienia dost\u0119pno\u015bci podmiotu publicznego<\/a><\/p>\n<p>[\/et_pb_text][\/et_pb_column][\/et_pb_row][\/et_pb_section]<\/p>\n","protected":false},"excerpt":{"rendered":"<p>DEKLARACJA\u00a0\u00a0 DOST\u0118PNO\u015aCI Zesp\u00f3\u0142 Szkolno &#8211; Przedszkolny nr 8 \u017borach zobowi\u0105zuje si\u0119 zapewni\u0107 dost\u0119pno\u015b\u0107 swojej strony internetowej zgodnie z ustaw\u0105 z dnia 04 kwietnia 2019 r. o dost\u0119pno\u015bci cyfrowej stron internetowych i aplikacji mobilnych podmiot\u00f3w publicznych. O\u015bwiadczenie w sprawie dost\u0119pno\u015bci ma zastosowanie do strony internetowej: zsp8.zory.pl Data publikacji strony: 01.12.2021 r. Data ostatniej istotnej aktualizacji: 06.12.2021 [&hellip;]<\/p>\n","protected":false},"author":2,"featured_media":0,"parent":0,"menu_order":0,"comment_status":"closed","ping_status":"closed","template":"","meta":{"_et_pb_use_builder":"on","_et_pb_old_content":"","_et_gb_content_width":"","footnotes":""},"class_list":["post-968","page","type-page","status-publish","hentry"],"_links":{"self":[{"href":"https:\/\/zsp8.zory.pl\/index.php?rest_route=\/wp\/v2\/pages\/968","targetHints":{"allow":["GET"]}}],"collection":[{"href":"https:\/\/zsp8.zory.pl\/index.php?rest_route=\/wp\/v2\/pages"}],"about":[{"href":"https:\/\/zsp8.zory.pl\/index.php?rest_route=\/wp\/v2\/types\/page"}],"author":[{"embeddable":true,"href":"https:\/\/zsp8.zory.pl\/index.php?rest_route=\/wp\/v2\/users\/2"}],"replies":[{"embeddable":true,"href":"https:\/\/zsp8.zory.pl\/index.php?rest_route=%2Fwp%2Fv2%2Fcomments&post=968"}],"version-history":[{"count":6,"href":"https:\/\/zsp8.zory.pl\/index.php?rest_route=\/wp\/v2\/pages\/968\/revisions"}],"predecessor-version":[{"id":1099,"href":"https:\/\/zsp8.zory.pl\/index.php?rest_route=\/wp\/v2\/pages\/968\/revisions\/1099"}],"wp:attachment":[{"href":"https:\/\/zsp8.zory.pl\/index.php?rest_route=%2Fwp%2Fv2%2Fmedia&parent=968"}],"curies":[{"name":"wp","href":"https:\/\/api.w.org\/{rel}","templated":true}]}}